{"id":2443,"date":"2022-10-21T11:39:14","date_gmt":"2022-10-21T11:39:14","guid":{"rendered":"https:\/\/staging-solidstream.kinsta.cloud\/?page_id=2443"},"modified":"2022-10-21T11:50:23","modified_gmt":"2022-10-21T11:50:23","slug":"evastekaytannot","status":"publish","type":"page","link":"https:\/\/staging-solidstream.kinsta.cloud\/sv\/evastekaytannot\/","title":{"rendered":"Policy f\u00f6r kakor"},"content":{"rendered":"<div data-elementor-type=\"wp-page\" data-elementor-id=\"2443\" class=\"elementor elementor-2443\" data-elementor-post-type=\"page\">\n\t\t\t\t\t\t<section class=\"elementor-section elementor-top-section elementor-element elementor-element-b3d114d elementor-section-boxed elementor-section-height-default elementor-section-height-default\" data-id=\"b3d114d\" data-element_type=\"section\" data-e-type=\"section\">\n\t\t\t\t\t\t<div class=\"elementor-container elementor-column-gap-default\">\n\t\t\t\t\t<div class=\"elementor-column elementor-col-100 elementor-top-column elementor-element elementor-element-926bc98\" data-id=\"926bc98\" data-element_type=\"column\" data-e-type=\"column\">\n\t\t\t<div class=\"elementor-widget-wrap elementor-element-populated\">\n\t\t\t\t\t\t<div class=\"elementor-element elementor-element-08a321e elementor-widget elementor-widget-heading\" data-id=\"08a321e\" data-element_type=\"widget\" data-e-type=\"widget\" data-widget_type=\"heading.default\">\n\t\t\t\t<div class=\"elementor-widget-container\">\n\t\t\t\t\t<h1 class=\"elementor-heading-title elementor-size-default\">Policy f\u00f6r kakor<\/h1>\t\t\t\t<\/div>\n\t\t\t\t<\/div>\n\t\t\t\t<div class=\"elementor-element elementor-element-d45dbdf elementor-widget elementor-widget-text-editor\" data-id=\"d45dbdf\" data-element_type=\"widget\" data-e-type=\"widget\" data-widget_type=\"text-editor.default\">\n\t\t\t\t<div class=\"elementor-widget-container\">\n\t\t\t\t\t\t\t\t\t<p>Vi anv\u00e4nder cookies f\u00f6r att skr\u00e4ddarsy det inneh\u00e5ll och de annonser vi erbjuder, f\u00f6r att st\u00f6dja v\u00e5ra funktioner f\u00f6r sociala medier och f\u00f6r att analysera v\u00e5ra bes\u00f6kssiffror. Vi delar ocks\u00e5 information med v\u00e5ra partners inom sociala medier, reklam och analys om hur du anv\u00e4nder v\u00e5r webbplats. V\u00e5ra partner kan kombinera denna information med annan information som du har l\u00e4mnat till dem eller som har samlats in n\u00e4r du har anv\u00e4nt deras tj\u00e4nster.<\/p>\t\t\t\t\t\t\t\t<\/div>\n\t\t\t\t<\/div>\n\t\t\t\t<div class=\"elementor-element elementor-element-2ef37ae elementor-widget elementor-widget-heading\" data-id=\"2ef37ae\" data-element_type=\"widget\" data-e-type=\"widget\" data-widget_type=\"heading.default\">\n\t\t\t\t<div class=\"elementor-widget-container\">\n\t\t\t\t\t<h2 class=\"elementor-heading-title elementor-size-default\">Vad \u00e4r cookies?<\/h2>\t\t\t\t<\/div>\n\t\t\t\t<\/div>\n\t\t\t\t<div class=\"elementor-element elementor-element-b3b6632 elementor-widget elementor-widget-text-editor\" data-id=\"b3b6632\" data-element_type=\"widget\" data-e-type=\"widget\" data-widget_type=\"text-editor.default\">\n\t\t\t\t<div class=\"elementor-widget-container\">\n\t\t\t\t\t\t\t\t\t<p>Cookies \u00e4r sm\u00e5 textfiler som webbplatser kan anv\u00e4nda f\u00f6r att g\u00f6ra anv\u00e4ndarupplevelsen mer effektiv.<br \/><br \/>Enligt lag kan vi lagra cookies p\u00e5 din enhet om det \u00e4r absolut n\u00f6dv\u00e4ndigt f\u00f6r att webbplatsen ska fungera. Vi beh\u00f6ver ditt samtycke f\u00f6r att anv\u00e4nda alla typer av cookies.<br \/><br \/>Denna webbplats anv\u00e4nder olika typer av cookies. Vissa cookies s\u00e4tts av tj\u00e4nster fr\u00e5n tredje part som visas p\u00e5 v\u00e5r webbplats.<br \/><br \/>Du kan \u00e4ndra eller \u00e5terkalla ditt samtycke p\u00e5 v\u00e5r webbplats via cookie-meddelandet.<br \/><br \/>L\u00e4s v\u00e5r integritetspolicy f\u00f6r att l\u00e4ra dig mer om vilka vi \u00e4r, hur du kan kontakta oss och hur vi behandlar dina personuppgifter.<br \/><br \/>V\u00e4nligen ange ditt accept-ID och datum n\u00e4r du kontaktar oss ang\u00e5ende din accept.<\/p>\t\t\t\t\t\t\t\t<\/div>\n\t\t\t\t<\/div>\n\t\t\t\t<div class=\"elementor-element elementor-element-2be54bf elementor-widget elementor-widget-heading\" data-id=\"2be54bf\" data-element_type=\"widget\" data-e-type=\"widget\" data-widget_type=\"heading.default\">\n\t\t\t\t<div class=\"elementor-widget-container\">\n\t\t\t\t\t<h2 class=\"elementor-heading-title elementor-size-default\">N\u00f6dv\u00e4ndiga cookies<\/h2>\t\t\t\t<\/div>\n\t\t\t\t<\/div>\n\t\t\t\t<div class=\"elementor-element elementor-element-30c8ccd elementor-widget elementor-widget-text-editor\" data-id=\"30c8ccd\" data-element_type=\"widget\" data-e-type=\"widget\" data-widget_type=\"text-editor.default\">\n\t\t\t\t<div class=\"elementor-widget-container\">\n\t\t\t\t\t\t\t\t\t<p>N\u00f6dv\u00e4ndiga cookies hj\u00e4lper till att g\u00f6ra webbplatsen anv\u00e4ndbar genom att till\u00e5ta grundl\u00e4ggande funktioner som sidnavigering och \u00e5tkomst till s\u00e4kra omr\u00e5den p\u00e5 webbplatsen. Webbplatsen kommer inte att fungera korrekt utan dessa cookies.<\/p>\t\t\t\t\t\t\t\t<\/div>\n\t\t\t\t<\/div>\n\t\t\t\t<div class=\"elementor-element elementor-element-cdd7441 elementor-widget elementor-widget-heading\" data-id=\"cdd7441\" data-element_type=\"widget\" data-e-type=\"widget\" data-widget_type=\"heading.default\">\n\t\t\t\t<div class=\"elementor-widget-container\">\n\t\t\t\t\t<h2 class=\"elementor-heading-title elementor-size-default\">Inst\u00e4llningar<\/h2>\t\t\t\t<\/div>\n\t\t\t\t<\/div>\n\t\t\t\t<div class=\"elementor-element elementor-element-1444953 elementor-widget elementor-widget-text-editor\" data-id=\"1444953\" data-element_type=\"widget\" data-e-type=\"widget\" data-widget_type=\"text-editor.default\">\n\t\t\t\t<div class=\"elementor-widget-container\">\n\t\t\t\t\t\t\t\t\t<p>Preferenscookies g\u00f6r det m\u00f6jligt f\u00f6r webbplatsen att lagra information som \u00e4ndrar webbplatsens beteende och utseende, t.ex. spr\u00e5kval eller anv\u00e4ndarens plats.<\/p>\t\t\t\t\t\t\t\t<\/div>\n\t\t\t\t<\/div>\n\t\t\t\t<div class=\"elementor-element elementor-element-29e7903 elementor-widget elementor-widget-heading\" data-id=\"29e7903\" data-element_type=\"widget\" data-e-type=\"widget\" data-widget_type=\"heading.default\">\n\t\t\t\t<div class=\"elementor-widget-container\">\n\t\t\t\t\t<h2 class=\"elementor-heading-title elementor-size-default\">Statistik<\/h2>\t\t\t\t<\/div>\n\t\t\t\t<\/div>\n\t\t\t\t<div class=\"elementor-element elementor-element-62e1775 elementor-widget elementor-widget-text-editor\" data-id=\"62e1775\" data-element_type=\"widget\" data-e-type=\"widget\" data-widget_type=\"text-editor.default\">\n\t\t\t\t<div class=\"elementor-widget-container\">\n\t\t\t\t\t\t\t\t\t<p>Statistiska cookies hj\u00e4lper webbplats\u00e4gare att f\u00f6rst\u00e5 hur anv\u00e4ndarna interagerar med webbplatser genom att samla in och rapportera data anonymt.<\/p>\t\t\t\t\t\t\t\t<\/div>\n\t\t\t\t<\/div>\n\t\t\t\t<div class=\"elementor-element elementor-element-586a7b7 elementor-widget elementor-widget-heading\" data-id=\"586a7b7\" data-element_type=\"widget\" data-e-type=\"widget\" data-widget_type=\"heading.default\">\n\t\t\t\t<div class=\"elementor-widget-container\">\n\t\t\t\t\t<h2 class=\"elementor-heading-title elementor-size-default\">Marknadsf\u00f6ring<\/h2>\t\t\t\t<\/div>\n\t\t\t\t<\/div>\n\t\t\t\t<div class=\"elementor-element elementor-element-94e96c8 elementor-widget elementor-widget-text-editor\" data-id=\"94e96c8\" data-element_type=\"widget\" data-e-type=\"widget\" data-widget_type=\"text-editor.default\">\n\t\t\t\t<div class=\"elementor-widget-container\">\n\t\t\t\t\t\t\t\t\t<p>Marknadsf\u00f6ringscookies anv\u00e4nds f\u00f6r att sp\u00e5ra bes\u00f6kare p\u00e5 webbplatser. Syftet \u00e4r att visa annonser som \u00e4r relevanta och intressanta f\u00f6r enskilda anv\u00e4ndare, och d\u00e4rf\u00f6r mer v\u00e4rdefulla f\u00f6r publicister och tredjepartsannons\u00f6rer.<\/p>\t\t\t\t\t\t\t\t<\/div>\n\t\t\t\t<\/div>\n\t\t\t\t<div class=\"elementor-element elementor-element-f92b7b6 elementor-widget elementor-widget-heading\" data-id=\"f92b7b6\" data-element_type=\"widget\" data-e-type=\"widget\" data-widget_type=\"heading.default\">\n\t\t\t\t<div class=\"elementor-widget-container\">\n\t\t\t\t\t<h2 class=\"elementor-heading-title elementor-size-default\">Ej klassificerad<\/h2>\t\t\t\t<\/div>\n\t\t\t\t<\/div>\n\t\t\t\t<div class=\"elementor-element elementor-element-9c9b352 elementor-widget elementor-widget-text-editor\" data-id=\"9c9b352\" data-element_type=\"widget\" data-e-type=\"widget\" data-widget_type=\"text-editor.default\">\n\t\t\t\t<div class=\"elementor-widget-container\">\n\t\t\t\t\t\t\t\t\t<p>Oklassificerade cookies \u00e4r cookies som vi g\u00f6r v\u00e5rt b\u00e4sta f\u00f6r att klassificera tillsammans med enskilda cookie-leverant\u00f6rer.<\/p>\t\t\t\t\t\t\t\t<\/div>\n\t\t\t\t<\/div>\n\t\t\t\t<div class=\"elementor-element elementor-element-bf710e7 elementor-widget elementor-widget-heading\" data-id=\"bf710e7\" data-element_type=\"widget\" data-e-type=\"widget\" data-widget_type=\"heading.default\">\n\t\t\t\t<div class=\"elementor-widget-container\">\n\t\t\t\t\t<h2 class=\"elementor-heading-title elementor-size-default\">Vilka cookies anv\u00e4nder vi?<\/h2>\t\t\t\t<\/div>\n\t\t\t\t<\/div>\n\t\t\t\t<div class=\"elementor-element elementor-element-8777c32 elementor-widget elementor-widget-text-editor\" data-id=\"8777c32\" data-element_type=\"widget\" data-e-type=\"widget\" data-widget_type=\"text-editor.default\">\n\t\t\t\t<div class=\"elementor-widget-container\">\n\t\t\t\t\t\t\t\t\t<p>elementor - Webbplatsbyggare (N\u00f6dv\u00e4ndigt)<\/p><p>CookieConsent - Hantering av cookies p\u00e5 webbplatsen (obligatoriskt)<\/p><p>_cf_bm - Prestanda-cookie (kr\u00e4vs)<\/p><p>_ga - Google Analytics (statistik)<\/p><p>_gid - Google Ads (Marknadsf\u00f6ring)<\/p><p>_gat - Google Analytics (statistik)<\/p><p>vuid - Vimeo (N\u00f6dv\u00e4ndigt)<\/p><p>fbp - Facebook (marknadsf\u00f6ring)<\/p>\t\t\t\t\t\t\t\t<\/div>\n\t\t\t\t<\/div>\n\t\t\t\t<div class=\"elementor-element elementor-element-e5fec13 elementor-align-center elementor-icon-list--layout-traditional elementor-list-item-link-full_width elementor-widget elementor-widget-icon-list\" data-id=\"e5fec13\" data-element_type=\"widget\" data-e-type=\"widget\" data-widget_type=\"icon-list.default\">\n\t\t\t\t<div class=\"elementor-widget-container\">\n\t\t\t\t\t\t\t<ul class=\"elementor-icon-list-items\">\n\t\t\t\t\t\t\t<li class=\"elementor-icon-list-item\">\n\t\t\t\t\t\t\t\t\t\t\t<a href=\"\/sv\/tietosuojaseloste\/\">\n\n\t\t\t\t\t\t\t\t\t\t\t\t<span class=\"elementor-icon-list-icon\">\n\t\t\t\t\t\t\t<svg aria-hidden=\"true\" class=\"e-font-icon-svg e-fas-chevron-right\" viewbox=\"0 0 320 512\" xmlns=\"http:\/\/www.w3.org\/2000\/svg\"><path d=\"M285.476 272.971L91.132 467.314c-9.373 9.373-24.569 9.373-33.941 0l-22.667-22.667c-9.357-9.357-9.375-24.522-.04-33.901L188.505 256 34.484 101.255c-9.335-9.379-9.317-24.544.04-33.901l22.667-22.667c9.373-9.373 24.569-9.373 33.941 0L285.475 239.03c9.373 9.372 9.373 24.568.001 33.941z\"><\/path><\/svg>\t\t\t\t\t\t<\/span>\n\t\t\t\t\t\t\t\t\t\t<span class=\"elementor-icon-list-text\">Integritetspolicy<\/span>\n\t\t\t\t\t\t\t\t\t\t\t<\/a>\n\t\t\t\t\t\t\t\t\t<\/li>\n\t\t\t\t\t\t<\/ul>\n\t\t\t\t\t\t<\/div>\n\t\t\t\t<\/div>\n\t\t\t\t\t<\/div>\n\t\t<\/div>\n\t\t\t\t\t<\/div>\n\t\t<\/section>\n\t\t\t\t<\/div>","protected":false},"excerpt":{"rendered":"<p>Ev\u00e4stek\u00e4yt\u00e4nn\u00f6t K\u00e4yt\u00e4mme ev\u00e4steit\u00e4 tarjoamamme sis\u00e4ll\u00f6n ja mainosten r\u00e4\u00e4t\u00e4l\u00f6imiseen, sosiaalisen median ominaisuuksien tukemiseen ja k\u00e4vij\u00e4m\u00e4\u00e4r\u00e4mme analysoimiseen. Lis\u00e4ksi jaamme sosiaalisen median, mainosalan ja analytiikka-alan kumppaneillemme tietoja siit\u00e4, miten k\u00e4yt\u00e4t sivustoamme. Kumppanimme voivat yhdist\u00e4\u00e4 n\u00e4it\u00e4 tietoja muihin tietoihin, joita olet antanut heille tai joita on ker\u00e4tty, kun olet k\u00e4ytt\u00e4nyt heid\u00e4n palvelujaan. Mit\u00e4 on ev\u00e4steet? Ev\u00e4steet ovat pieni\u00e4 tekstitiedostoja, [&hellip;]<\/p>\n","protected":false},"author":1,"featured_media":0,"parent":0,"menu_order":0,"comment_status":"closed","ping_status":"closed","template":"elementor_theme","meta":{"footnotes":""},"class_list":["post-2443","page","type-page","status-publish","hentry"],"_links":{"self":[{"href":"https:\/\/staging-solidstream.kinsta.cloud\/sv\/wp-json\/wp\/v2\/pages\/2443","targetHints":{"allow":["GET"]}}],"collection":[{"href":"https:\/\/staging-solidstream.kinsta.cloud\/sv\/wp-json\/wp\/v2\/pages"}],"about":[{"href":"https:\/\/staging-solidstream.kinsta.cloud\/sv\/wp-json\/wp\/v2\/types\/page"}],"author":[{"embeddable":true,"href":"https:\/\/staging-solidstream.kinsta.cloud\/sv\/wp-json\/wp\/v2\/users\/1"}],"replies":[{"embeddable":true,"href":"https:\/\/staging-solidstream.kinsta.cloud\/sv\/wp-json\/wp\/v2\/comments?post=2443"}],"version-history":[{"count":13,"href":"https:\/\/staging-solidstream.kinsta.cloud\/sv\/wp-json\/wp\/v2\/pages\/2443\/revisions"}],"predecessor-version":[{"id":2462,"href":"https:\/\/staging-solidstream.kinsta.cloud\/sv\/wp-json\/wp\/v2\/pages\/2443\/revisions\/2462"}],"wp:attachment":[{"href":"https:\/\/staging-solidstream.kinsta.cloud\/sv\/wp-json\/wp\/v2\/media?parent=2443"}],"curies":[{"name":"wp","href":"https:\/\/api.w.org\/{rel}","templated":true}]}}