{"id":151,"date":"2021-02-14T11:29:56","date_gmt":"2021-02-14T11:29:56","guid":{"rendered":"https:\/\/staging-solidstream.kinsta.cloud\/?page_id=151"},"modified":"2024-11-11T09:19:14","modified_gmt":"2024-11-11T09:19:14","slug":"tietosuojaseloste","status":"publish","type":"page","link":"https:\/\/staging-solidstream.kinsta.cloud\/sv\/tietosuojaseloste\/","title":{"rendered":"Integritetspolicy"},"content":{"rendered":"<div data-elementor-type=\"wp-page\" data-elementor-id=\"151\" class=\"elementor elementor-151\" data-elementor-post-type=\"page\">\n\t\t\t\t\t\t<section class=\"elementor-section elementor-top-section elementor-element elementor-element-514e0ab elementor-section-boxed elementor-section-height-default elementor-section-height-default\" data-id=\"514e0ab\" data-element_type=\"section\" data-e-type=\"section\">\n\t\t\t\t\t\t<div class=\"elementor-container elementor-column-gap-default\">\n\t\t\t\t\t<div class=\"elementor-column elementor-col-100 elementor-top-column elementor-element elementor-element-3d3e166\" data-id=\"3d3e166\" data-element_type=\"column\" data-e-type=\"column\">\n\t\t\t<div class=\"elementor-widget-wrap elementor-element-populated\">\n\t\t\t\t\t\t<div class=\"elementor-element elementor-element-036f4ed elementor-widget elementor-widget-heading\" data-id=\"036f4ed\" data-element_type=\"widget\" data-e-type=\"widget\" data-widget_type=\"heading.default\">\n\t\t\t\t<div class=\"elementor-widget-container\">\n\t\t\t\t\t<h1 class=\"elementor-heading-title elementor-size-default\">Integritetspolicy<\/h1>\t\t\t\t<\/div>\n\t\t\t\t<\/div>\n\t\t\t\t<div class=\"elementor-element elementor-element-c43e5ff elementor-widget elementor-widget-text-editor\" data-id=\"c43e5ff\" data-element_type=\"widget\" data-e-type=\"widget\" data-widget_type=\"text-editor.default\">\n\t\t\t\t<div class=\"elementor-widget-container\">\n\t\t\t\t\t\t\t\t\t<p>Solid Stream Oy webbplats kundregister integritetspolicy<\/p><p>Enligt dataskyddsf\u00f6rordningen ska den personuppgiftsansvarige tillhandah\u00e5lla tydlig information till de registrerade. Detta meddelande uppfyller denna skyldighet.<\/p><h2>Styrenhet<\/h2><p>Solid Stream Oy<\/p><p>Kontaktuppgifter:<\/p><p>H\u00f6yl\u00e4\u00e4m\u00f6tie 18 A 21, 00380, Helsingfors<\/p><p><b>Kontaktuppgifter f\u00f6r fr\u00e5gor som r\u00f6r registret:<\/b><\/p><p>Solid Stream Oy<\/p><p>Panu Somerma<\/p><p>H\u00f6yl\u00e4\u00e4m\u00f6tie 18 A 21, 00380, Helsingfors<\/p><p>044 271 6862<\/p><p>info@solidstream.fi<\/p><h2>Registrerad hos<\/h2><p>Registret omfattar kunder och potentiella kunder som har skickat in ett kontaktformul\u00e4r p\u00e5 webbplatsen solidstream.fi.<\/p><h2>Sk\u00e4l f\u00f6r och \u00e4ndam\u00e5l med att f\u00f6ra registret<\/h2><p>Personuppgifter behandlas p\u00e5 grundval av en kundrelation eller separat samtycke.<\/p><p>Personuppgifter behandlas endast f\u00f6r f\u00f6rdefinierade \u00e4ndam\u00e5l, vilka \u00e4r att hantera kundrelationen och att informera dig om v\u00e5ra tj\u00e4nster.<\/p><h4>Registret inneh\u00e5ller f\u00f6ljande information:<\/h4><ul><li>Namn<\/li><li>E-postadress<\/li><li><p>telefonnummer<\/p><\/li><\/ul><h3>Den registrerades r\u00e4ttigheter<\/h3><p>Den registrerade har f\u00f6ljande r\u00e4ttigheter, vars ut\u00f6vande ska beg\u00e4ras p\u00e5 den adress som anges i punkt 1.<\/p><h2>R\u00e4tt till granskning<\/h2><p>Den registrerade kan verifiera de personuppgifter som vi har lagrat genom att skicka en beg\u00e4ran om verifiering till den adress som anges i punkt 1.<\/p><h3>R\u00e4tt till r\u00e4ttelse<\/h3><p>Den registrerade f\u00e5r beg\u00e4ra r\u00e4ttelse av felaktiga eller ofullst\u00e4ndiga uppgifter om honom eller henne.<\/p><h3>R\u00e4tt att inv\u00e4nda<\/h3><p>Den registrerade kan inv\u00e4nda mot behandlingen av personuppgifter om han eller hon anser att personuppgifterna har behandlats p\u00e5 ett olagligt s\u00e4tt.<\/p><h3>F\u00f6rbud mot direktmarknadsf\u00f6ring<\/h3><p>Den registrerade har r\u00e4tt att inv\u00e4nda mot att uppgifterna anv\u00e4nds f\u00f6r direktmarknadsf\u00f6ring.<\/p><h3>\u00c5ngerr\u00e4tt<\/h3><p>Den registrerade har r\u00e4tt att beg\u00e4ra radering av uppgifter om behandlingen inte \u00e4r n\u00f6dv\u00e4ndig. Vi kommer att behandla beg\u00e4ran om radering, varefter vi antingen kommer att radera uppgifterna eller ge en motiverad f\u00f6rklaring till varf\u00f6r uppgifterna inte kan raderas.<\/p><p>Observera att den personuppgiftsansvarige kan ha en laglig eller annan r\u00e4tt att inte radera de beg\u00e4rda uppgifterna. Den personuppgiftsansvarige \u00e4r skyldig att bevara bokf\u00f6ringsmaterialet under den period som anges i bokf\u00f6ringslagen (kapitel 2, avsnitt 10) (10 \u00e5r). D\u00e4rf\u00f6r f\u00e5r bokf\u00f6ringen inte raderas innan denna period har l\u00f6pt ut.<\/p><h3>\u00c5terkallande av samtycke<\/h3><p>Om behandlingen av personuppgifter om den registrerade endast grundar sig p\u00e5 samtycke, och inte p\u00e5 t.ex. kund- eller medlemskap, kan den registrerade \u00e5terkalla sitt samtycke.<\/p><h3>Den registrerade kan \u00f6verklaga beslutet till ombudsmannen f\u00f6r dataskydd<\/h3><p>Den registrerade har r\u00e4tt att beg\u00e4ra att vi begr\u00e4nsar behandlingen av de omtvistade uppgifterna tills \u00e4rendet har l\u00f6sts.<\/p><h3>R\u00e4tt att \u00f6verklaga<\/h3><p>Registrerade personer har r\u00e4tt att l\u00e4mna in ett klagom\u00e5l till dataskyddsombudsmannen om de anser att vi bryter mot till\u00e4mplig dataskyddslagstiftning n\u00e4r vi behandlar deras personuppgifter.<\/p><p>Kontaktuppgifter till ombudsmannen f\u00f6r dataskydd:\u00a0<a href=\"http:\/\/www.tietosuoja.fi\/fi\/index\/yhteystiedot.html\" target=\"_blank\" rel=\"noopener\">www.tietosuoja.fi\/fi\/index\/yhteystiedot.html<\/a><\/p><h4>Regelbundna informationsk\u00e4llor<\/h4><p>I regel inh\u00e4mtas personuppgifter fr\u00e5n kunden sj\u00e4lv n\u00e4r denne skickar in kontaktformul\u00e4ret.<\/p><h3>Regelbundet offentligg\u00f6rande av uppgifter<\/h3><p>Informationen i kundregistret kommer i regel inte att l\u00e4mnas ut f\u00f6r marknadsf\u00f6rings\u00e4ndam\u00e5l utanf\u00f6r Solid Stream Oy.<\/p><h3>Bearbetningens varaktighet<\/h3><p>Som en allm\u00e4n regel kommer personuppgifter att behandlas s\u00e5 l\u00e4nge som kundrelationen \u00e4r i kraft eller beg\u00e4ran om kontakt har behandlats.<\/p><h3>Personuppgiftsbitr\u00e4den<\/h3><p>Personuppgifter behandlas endast av den personuppgiftsansvarige och dennes anst\u00e4llda.<\/p><h3>\u00d6verf\u00f6ring av uppgifter utanf\u00f6r EU<\/h3><p>Personuppgifterna i registret kommer inte att \u00f6verf\u00f6ras utanf\u00f6r EU eller Europeiska ekonomiska samarbetsomr\u00e5det.<\/p><h3>Automatiserat beslutsfattande och profilering<\/h3><p>Vi anv\u00e4nder inte informationen f\u00f6r automatiserat beslutsfattande eller profilering.<\/p>\t\t\t\t\t\t\t\t<\/div>\n\t\t\t\t<\/div>\n\t\t\t\t<div class=\"elementor-element elementor-element-97f000c elementor-align-center elementor-icon-list--layout-traditional elementor-list-item-link-full_width elementor-widget elementor-widget-icon-list\" data-id=\"97f000c\" data-element_type=\"widget\" data-e-type=\"widget\" data-widget_type=\"icon-list.default\">\n\t\t\t\t<div class=\"elementor-widget-container\">\n\t\t\t\t\t\t\t<ul class=\"elementor-icon-list-items\">\n\t\t\t\t\t\t\t<li class=\"elementor-icon-list-item\">\n\t\t\t\t\t\t\t\t\t\t\t<a href=\"\/sv\/evastekaytannot\/\">\n\n\t\t\t\t\t\t\t\t\t\t\t\t<span class=\"elementor-icon-list-icon\">\n\t\t\t\t\t\t\t<svg aria-hidden=\"true\" class=\"e-font-icon-svg e-fas-chevron-right\" viewbox=\"0 0 320 512\" xmlns=\"http:\/\/www.w3.org\/2000\/svg\"><path d=\"M285.476 272.971L91.132 467.314c-9.373 9.373-24.569 9.373-33.941 0l-22.667-22.667c-9.357-9.357-9.375-24.522-.04-33.901L188.505 256 34.484 101.255c-9.335-9.379-9.317-24.544.04-33.901l22.667-22.667c9.373-9.373 24.569-9.373 33.941 0L285.475 239.03c9.373 9.372 9.373 24.568.001 33.941z\"><\/path><\/svg>\t\t\t\t\t\t<\/span>\n\t\t\t\t\t\t\t\t\t\t<span class=\"elementor-icon-list-text\">Policy f\u00f6r kakor<\/span>\n\t\t\t\t\t\t\t\t\t\t\t<\/a>\n\t\t\t\t\t\t\t\t\t<\/li>\n\t\t\t\t\t\t<\/ul>\n\t\t\t\t\t\t<\/div>\n\t\t\t\t<\/div>\n\t\t\t\t\t<\/div>\n\t\t<\/div>\n\t\t\t\t\t<\/div>\n\t\t<\/section>\n\t\t\t\t<\/div>","protected":false},"excerpt":{"rendered":"<p>Tietosuojaseloste Solid Stream Oy:n verkkosivuston asiakasrekisterin tietosuojaseloste Rekisterinpit\u00e4j\u00e4ll\u00e4 on tietosuoja-asetuksen mukaan velvollisuus informoida selke\u00e4ll\u00e4 tavalla rekister\u00f6ityj\u00e4. T\u00e4m\u00e4 seloste t\u00e4ytt\u00e4\u00e4 informointivelvoitteen. Rekisterinpit\u00e4j\u00e4 Solid Stream Oy Yhteystiedot: H\u00f6yl\u00e4\u00e4m\u00f6tie 18 A 21, 00380, Helsinki Yhteystiedot rekisteri\u00e4 koskevissa asioissa: Solid Stream Oy Panu Somerma H\u00f6yl\u00e4\u00e4m\u00f6tie 18 A 21, 00380, Helsinki 044 271 6862 info@solidstream.fi Rekister\u00f6idyt Rekisteriss\u00e4 ovat verkkosivuston solidstream.fi:n [&hellip;]<\/p>\n","protected":false},"author":1,"featured_media":0,"parent":0,"menu_order":0,"comment_status":"closed","ping_status":"closed","template":"elementor_header_footer","meta":{"footnotes":""},"class_list":["post-151","page","type-page","status-publish","hentry"],"_links":{"self":[{"href":"https:\/\/staging-solidstream.kinsta.cloud\/sv\/wp-json\/wp\/v2\/pages\/151","targetHints":{"allow":["GET"]}}],"collection":[{"href":"https:\/\/staging-solidstream.kinsta.cloud\/sv\/wp-json\/wp\/v2\/pages"}],"about":[{"href":"https:\/\/staging-solidstream.kinsta.cloud\/sv\/wp-json\/wp\/v2\/types\/page"}],"author":[{"embeddable":true,"href":"https:\/\/staging-solidstream.kinsta.cloud\/sv\/wp-json\/wp\/v2\/users\/1"}],"replies":[{"embeddable":true,"href":"https:\/\/staging-solidstream.kinsta.cloud\/sv\/wp-json\/wp\/v2\/comments?post=151"}],"version-history":[{"count":37,"href":"https:\/\/staging-solidstream.kinsta.cloud\/sv\/wp-json\/wp\/v2\/pages\/151\/revisions"}],"predecessor-version":[{"id":5023,"href":"https:\/\/staging-solidstream.kinsta.cloud\/sv\/wp-json\/wp\/v2\/pages\/151\/revisions\/5023"}],"wp:attachment":[{"href":"https:\/\/staging-solidstream.kinsta.cloud\/sv\/wp-json\/wp\/v2\/media?parent=151"}],"curies":[{"name":"wp","href":"https:\/\/api.w.org\/{rel}","templated":true}]}}