{"id":151,"date":"2021-02-14T11:29:56","date_gmt":"2021-02-14T11:29:56","guid":{"rendered":"https:\/\/staging-solidstream.kinsta.cloud\/?page_id=151"},"modified":"2024-11-11T09:19:14","modified_gmt":"2024-11-11T09:19:14","slug":"tietosuojaseloste","status":"publish","type":"page","link":"https:\/\/staging-solidstream.kinsta.cloud\/en\/tietosuojaseloste\/","title":{"rendered":"Privacy policy"},"content":{"rendered":"<div data-elementor-type=\"wp-page\" data-elementor-id=\"151\" class=\"elementor elementor-151\" data-elementor-post-type=\"page\">\n\t\t\t\t\t\t<section class=\"elementor-section elementor-top-section elementor-element elementor-element-514e0ab elementor-section-boxed elementor-section-height-default elementor-section-height-default\" data-id=\"514e0ab\" data-element_type=\"section\" data-e-type=\"section\">\n\t\t\t\t\t\t<div class=\"elementor-container elementor-column-gap-default\">\n\t\t\t\t\t<div class=\"elementor-column elementor-col-100 elementor-top-column elementor-element elementor-element-3d3e166\" data-id=\"3d3e166\" data-element_type=\"column\" data-e-type=\"column\">\n\t\t\t<div class=\"elementor-widget-wrap elementor-element-populated\">\n\t\t\t\t\t\t<div class=\"elementor-element elementor-element-036f4ed elementor-widget elementor-widget-heading\" data-id=\"036f4ed\" data-element_type=\"widget\" data-e-type=\"widget\" data-widget_type=\"heading.default\">\n\t\t\t\t<div class=\"elementor-widget-container\">\n\t\t\t\t\t<h1 class=\"elementor-heading-title elementor-size-default\">Privacy policy<\/h1>\t\t\t\t<\/div>\n\t\t\t\t<\/div>\n\t\t\t\t<div class=\"elementor-element elementor-element-c43e5ff elementor-widget elementor-widget-text-editor\" data-id=\"c43e5ff\" data-element_type=\"widget\" data-e-type=\"widget\" data-widget_type=\"text-editor.default\">\n\t\t\t\t<div class=\"elementor-widget-container\">\n\t\t\t\t\t\t\t\t\t<p>Solid Stream Oy website customer register privacy policy<\/p><p>According to the GDPR, the controller has the obligation to inform data subjects in a clear manner. This notice fulfils that obligation.<\/p><h2>Controller<\/h2><p>Solid Stream Oy<\/p><p>Contact details:<\/p><p>H\u00f6yl\u00e4\u00e4m\u00f6tie 18 A 21, 00380, Helsinki<\/p><p><b>Contact details for matters concerning the register:<\/b><\/p><p>Solid Stream Oy<\/p><p>Panu Somerma<\/p><p>H\u00f6yl\u00e4\u00e4m\u00f6tie 18 A 21, 00380, Helsinki<\/p><p>044 271 6862<\/p><p>info@solidstream.fi<\/p><h2>Registered at<\/h2><p>The register includes customers and potential customers who have submitted a contact form on the solidstream.fi website.<\/p><h2>Grounds for and purposes of keeping the register<\/h2><p>Personal data is processed on the basis of a customer relationship or separate consent.<\/p><p>Personal data is processed only for predefined purposes, which are to manage the customer relationship and to inform you about our services.<\/p><h4>The register contains the following information:<\/h4><ul><li>Name<\/li><li>e-mail address<\/li><li><p>phone number<\/p><\/li><\/ul><h3>Right of the data subject<\/h3><p>The data subject has the following rights, the exercise of which must be requested at the address given in point 1.<\/p><h2>Right of review<\/h2><p>The data subject may verify the personal data we have stored by sending a verification request to the address given in point 1.<\/p><h3>Right to rectification<\/h3><p>The data subject may request the rectification of inaccurate or incomplete data concerning him or her.<\/p><h3>Right to object<\/h3><p>The data subject may object to the processing of personal data if he or she feels that the personal data have been processed unlawfully.<\/p><h3>Direct marketing ban<\/h3><p>The data subject has the right to object to the use of the data for direct marketing.<\/p><h3>Right of withdrawal<\/h3><p>The data subject has the right to request the erasure of data if the processing is not necessary. We will process the request for erasure, after which we will either delete the data or provide a reasoned justification why the data cannot be deleted.<\/p><p>Please note that the controller may have a legal or other right not to delete the requested data. The controller is obliged to keep the accounting records for the period specified in the Accounting Act (Chapter 2, Section 10) (10 years). Therefore, accounting records cannot be deleted before the expiry of this period.<\/p><h3>Withdrawal of consent<\/h3><p>If the processing of personal data concerning the data subject is based solely on consent and not, for example, on customer or membership, the data subject may withdraw consent.<\/p><h3>The data subject can appeal the decision to the Data Protection Ombudsman<\/h3><p>The data subject has the right to request that we restrict the processing of the disputed data until the matter is resolved.<\/p><h3>Right of appeal<\/h3><p>Data subjects have the right to lodge a complaint with the Data Protection Ombudsman if they feel that we are in breach of applicable data protection legislation when we process their personal data.<\/p><p>Contact details of the Data Protection Ombudsman:\u00a0<a href=\"http:\/\/www.tietosuoja.fi\/fi\/index\/yhteystiedot.html\" target=\"_blank\" rel=\"noopener\">www.tietosuoja.fi\/fi\/index\/yhteystiedot.html<\/a><\/p><h4>Regular sources of information<\/h4><p>As a rule, personal data is obtained from the customer himself when he sends the contact form.<\/p><h3>Regular data disclosures<\/h3><p>As a rule, the information in the customer register will not be disclosed for marketing purposes outside Solid Stream Oy.<\/p><h3>Duration of processing<\/h3><p>As a general rule, personal data will be processed for as long as the customer relationship is in force or the request for contact has been processed.<\/p><h3>Processors of personal data<\/h3><p>Personal data are processed only by the controller and its employees.<\/p><h3>Transferring data outside the EU<\/h3><p>The personal data contained in the register will not be transferred outside the EU or the European Economic Area.<\/p><h3>Automated decision making and profiling<\/h3><p>We do not use the information for automated decision-making or profiling.<\/p>\t\t\t\t\t\t\t\t<\/div>\n\t\t\t\t<\/div>\n\t\t\t\t<div class=\"elementor-element elementor-element-97f000c elementor-align-center elementor-icon-list--layout-traditional elementor-list-item-link-full_width elementor-widget elementor-widget-icon-list\" data-id=\"97f000c\" data-element_type=\"widget\" data-e-type=\"widget\" data-widget_type=\"icon-list.default\">\n\t\t\t\t<div class=\"elementor-widget-container\">\n\t\t\t\t\t\t\t<ul class=\"elementor-icon-list-items\">\n\t\t\t\t\t\t\t<li class=\"elementor-icon-list-item\">\n\t\t\t\t\t\t\t\t\t\t\t<a href=\"\/en\/evastekaytannot\/\">\n\n\t\t\t\t\t\t\t\t\t\t\t\t<span class=\"elementor-icon-list-icon\">\n\t\t\t\t\t\t\t<svg aria-hidden=\"true\" class=\"e-font-icon-svg e-fas-chevron-right\" viewbox=\"0 0 320 512\" xmlns=\"http:\/\/www.w3.org\/2000\/svg\"><path d=\"M285.476 272.971L91.132 467.314c-9.373 9.373-24.569 9.373-33.941 0l-22.667-22.667c-9.357-9.357-9.375-24.522-.04-33.901L188.505 256 34.484 101.255c-9.335-9.379-9.317-24.544.04-33.901l22.667-22.667c9.373-9.373 24.569-9.373 33.941 0L285.475 239.03c9.373 9.372 9.373 24.568.001 33.941z\"><\/path><\/svg>\t\t\t\t\t\t<\/span>\n\t\t\t\t\t\t\t\t\t\t<span class=\"elementor-icon-list-text\">Cookie policy<\/span>\n\t\t\t\t\t\t\t\t\t\t\t<\/a>\n\t\t\t\t\t\t\t\t\t<\/li>\n\t\t\t\t\t\t<\/ul>\n\t\t\t\t\t\t<\/div>\n\t\t\t\t<\/div>\n\t\t\t\t\t<\/div>\n\t\t<\/div>\n\t\t\t\t\t<\/div>\n\t\t<\/section>\n\t\t\t\t<\/div>","protected":false},"excerpt":{"rendered":"<p>Tietosuojaseloste Solid Stream Oy:n verkkosivuston asiakasrekisterin tietosuojaseloste Rekisterinpit\u00e4j\u00e4ll\u00e4 on tietosuoja-asetuksen mukaan velvollisuus informoida selke\u00e4ll\u00e4 tavalla rekister\u00f6ityj\u00e4. T\u00e4m\u00e4 seloste t\u00e4ytt\u00e4\u00e4 informointivelvoitteen. Rekisterinpit\u00e4j\u00e4 Solid Stream Oy Yhteystiedot: H\u00f6yl\u00e4\u00e4m\u00f6tie 18 A 21, 00380, Helsinki Yhteystiedot rekisteri\u00e4 koskevissa asioissa: Solid Stream Oy Panu Somerma H\u00f6yl\u00e4\u00e4m\u00f6tie 18 A 21, 00380, Helsinki 044 271 6862 info@solidstream.fi Rekister\u00f6idyt Rekisteriss\u00e4 ovat verkkosivuston solidstream.fi:n [&hellip;]<\/p>\n","protected":false},"author":1,"featured_media":0,"parent":0,"menu_order":0,"comment_status":"closed","ping_status":"closed","template":"elementor_header_footer","meta":{"footnotes":""},"class_list":["post-151","page","type-page","status-publish","hentry"],"_links":{"self":[{"href":"https:\/\/staging-solidstream.kinsta.cloud\/en\/wp-json\/wp\/v2\/pages\/151","targetHints":{"allow":["GET"]}}],"collection":[{"href":"https:\/\/staging-solidstream.kinsta.cloud\/en\/wp-json\/wp\/v2\/pages"}],"about":[{"href":"https:\/\/staging-solidstream.kinsta.cloud\/en\/wp-json\/wp\/v2\/types\/page"}],"author":[{"embeddable":true,"href":"https:\/\/staging-solidstream.kinsta.cloud\/en\/wp-json\/wp\/v2\/users\/1"}],"replies":[{"embeddable":true,"href":"https:\/\/staging-solidstream.kinsta.cloud\/en\/wp-json\/wp\/v2\/comments?post=151"}],"version-history":[{"count":37,"href":"https:\/\/staging-solidstream.kinsta.cloud\/en\/wp-json\/wp\/v2\/pages\/151\/revisions"}],"predecessor-version":[{"id":5023,"href":"https:\/\/staging-solidstream.kinsta.cloud\/en\/wp-json\/wp\/v2\/pages\/151\/revisions\/5023"}],"wp:attachment":[{"href":"https:\/\/staging-solidstream.kinsta.cloud\/en\/wp-json\/wp\/v2\/media?parent=151"}],"curies":[{"name":"wp","href":"https:\/\/api.w.org\/{rel}","templated":true}]}}